{"id":11,"date":"2018-03-29T08:14:21","date_gmt":"2018-03-29T06:14:21","guid":{"rendered":"http:\/\/uahost.uantwerpen.be\/amif2\/?page_id=11"},"modified":"2018-03-30T10:14:07","modified_gmt":"2018-03-30T08:14:07","slug":"homepage","status":"publish","type":"page","link":"https:\/\/www.beternederlandsophetwerk.be\/","title":{"rendered":"Welkom op de site!"},"content":{"rendered":"<p>&nbsp;<\/p>\n<p>Werken in een vreemde taal is en blijft een grote uitdaging.<\/p>\n<p>Heb jij anderstalige medewerkers in dienst? Dan wil je misschien graag weten hoe je hen kunt ondersteunen bij het leren van de taal. Zo zal de communicatie tussen alle werknemers ook vlotter verlopen.<\/p>\n<p>Op deze website vind je heel wat adviezen en informatie over bestaande intitiatieven.<\/p>\n<h4><\/h4>\n<p>&nbsp;<\/p>\n<h4>Anderstaligen in dienst<\/h4>\n<ul>\n<li><a href=\"https:\/\/www.beternederlandsophetwerk.be\/index.php\/nuttige-info-als-je-een-anderstalige-aanwerft\/\">Nuttige info als je een anderstalige aanwerft<\/a><\/li>\n<li><a href=\"https:\/\/www.beternederlandsophetwerk.be\/index.php\/hoe-vind-ik-anderstalige-kandidaten\/\">Hoe vind ik anderstalige kandidaten?<\/a><\/li>\n<\/ul>\n<h4><\/h4>\n<p>&nbsp;<\/p>\n<h4>Taalondersteuning<\/h4>\n<ul>\n<li><a href=\"https:\/\/www.beternederlandsophetwerk.be\/index.php\/een-paar-tips-voor-een-vlottere-communicatie-op-de-werkvloer\/\">Enkele tips voor een vlottere communicatie op de werkvloer<\/a><\/li>\n<li><a href=\"https:\/\/www.beternederlandsophetwerk.be\/index.php\/cursussen-en-oefenkansen-voor-anderstalige-werknemers\/\">Cursussen en oefenkansen voor anderstalige werknemers<\/a><\/li>\n<li><a href=\"https:\/\/www.beternederlandsophetwerk.be\/index.php\/vdab-opleiding-nederlands-op-de-werkvloer-nodw-voor-anderstaligen\/\">VDAB-opleiding: Nederlands op de werkvloer (NODW) voor anderstaligen<\/a><\/li>\n<li><a href=\"https:\/\/www.beternederlandsophetwerk.be\/index.php\/vdab-opleiding-werkplekleren-met-taalondersteuning-ibot-een-ibo-met-taalondersteuning-t\/\">VDAB-opleiding: Werkplekleren met taalondersteuning: IBOT (een IBO met\u00a0 Taalondersteuning (T)<\/a><\/li>\n<li><a href=\"https:\/\/www.beternederlandsophetwerk.be\/index.php\/atlas-vorming-duidelijke-taal-op-maat\/\">ATLAS-vorming: Duidelijke taal op maat<\/a><\/li>\n<\/ul>\n<h4><\/h4>\n<p>&nbsp;<\/p>\n<h4>Taalniveaus<\/h4>\n<ul>\n<li><a href=\"https:\/\/www.beternederlandsophetwerk.be\/index.php\/wat-kan-iemand-met-de-taal-op-elk-niveau\/\">Wat kan iemand op welk taalniveau?<\/a><\/li>\n<li><a href=\"https:\/\/www.beternederlandsophetwerk.be\/index.php\/welke-taaltesten-en-certificaten-bestaan-er\/\">Welke taaltesten en certificaten bestaan er?<\/a><\/li>\n<\/ul>\n<h4><\/h4>\n<p>&nbsp;<\/p>\n<h4>Handige links<\/h4>\n<ul>\n<li><a href=\"https:\/\/www.beternederlandsophetwerk.be\/index.php\/handige-links-2\/\">Voor de werkgever en collega&#8217;s<\/a><\/li>\n<li><a href=\"https:\/\/www.beternederlandsophetwerk.be\/index.php\/handige-links-voor-de-anderstalige-werknemer\/\">Voor de anderstalige werknemer<\/a><\/li>\n<\/ul>\n<p>&nbsp;<\/p>\n<p>&nbsp;<\/p>\n<p>Deze website kwam tot stand in het kader van het \u2018@Level2Work project\u2019. Dit project is een leidraad voor hoogopgeleide nieuwkomers. Een aantal Vlaamse organisaties werken hier samen aan, om duidelijke en offici\u00eble informatie te bundelen op \u00e9\u00e9n platform. Op het \u2018Contactloket\u2019 staan verschillende stappenplannen en mogelijkheden. Dit platform is opgevat als een hulpmiddel om nieuwkomers te begeleiden bij het vinden van werk op het juiste niveau.<\/p>\n<p>&nbsp;<\/p>\n<p>Deze website werd ontwikkeld door <a href=\"https:\/\/www.uantwerpen.be\/nl\/centra\/linguapolis\/\" target=\"_blank\" rel=\"noopener\">Linguapolis <\/a>in samenspraak met <a href=\"https:\/\/www.vdab.be\/\" target=\"_blank\" rel=\"noopener\">VDAB<\/a> en <a href=\"https:\/\/www.atlas-antwerpen.be\/nl\" target=\"_blank\" rel=\"noopener\">ATLAS<\/a>.<\/p>\n<p>&nbsp;<\/p>\n","protected":false},"excerpt":{"rendered":"<p>&nbsp; Werken in een vreemde taal is en blijft een grote uitdaging. Heb jij anderstalige medewerkers in dienst? Dan wil je misschien graag weten hoe je hen kunt ondersteunen bij het leren van de taal. Zo zal de communicatie tussen alle werknemers ook vlotter verlopen. Op deze website vind je heel wat adviezen en informatie [&hellip;]<\/p>\n","protected":false},"author":2,"featured_media":0,"parent":0,"menu_order":0,"comment_status":"closed","ping_status":"closed","template":"","meta":{"_exactmetrics_skip_tracking":false,"_exactmetrics_sitenote_active":false,"_exactmetrics_sitenote_note":"","_exactmetrics_sitenote_category":0,"footnotes":""},"class_list":["post-11","page","type-page","status-publish","hentry"],"_links":{"self":[{"href":"https:\/\/www.beternederlandsophetwerk.be\/index.php\/wp-json\/wp\/v2\/pages\/11","targetHints":{"allow":["GET"]}}],"collection":[{"href":"https:\/\/www.beternederlandsophetwerk.be\/index.php\/wp-json\/wp\/v2\/pages"}],"about":[{"href":"https:\/\/www.beternederlandsophetwerk.be\/index.php\/wp-json\/wp\/v2\/types\/page"}],"author":[{"embeddable":true,"href":"https:\/\/www.beternederlandsophetwerk.be\/index.php\/wp-json\/wp\/v2\/users\/2"}],"replies":[{"embeddable":true,"href":"https:\/\/www.beternederlandsophetwerk.be\/index.php\/wp-json\/wp\/v2\/comments?post=11"}],"version-history":[{"count":5,"href":"https:\/\/www.beternederlandsophetwerk.be\/index.php\/wp-json\/wp\/v2\/pages\/11\/revisions"}],"predecessor-version":[{"id":252,"href":"https:\/\/www.beternederlandsophetwerk.be\/index.php\/wp-json\/wp\/v2\/pages\/11\/revisions\/252"}],"wp:attachment":[{"href":"https:\/\/www.beternederlandsophetwerk.be\/index.php\/wp-json\/wp\/v2\/media?parent=11"}],"curies":[{"name":"wp","href":"https:\/\/api.w.org\/{rel}","templated":true}]}}