{"id":213,"date":"2018-03-29T23:17:55","date_gmt":"2018-03-29T21:17:55","guid":{"rendered":"http:\/\/uahost.uantwerpen.be\/amif2\/?page_id=213"},"modified":"2018-03-30T09:44:18","modified_gmt":"2018-03-30T07:44:18","slug":"over-deze-site","status":"publish","type":"page","link":"https:\/\/www.beternederlandsophetwerk.be\/index.php\/over-deze-site\/","title":{"rendered":"Over deze site"},"content":{"rendered":"<p>&nbsp;<\/p>\n<p>Deze website kwam tot stand in het kader van het \u2018@Level2Work project\u2019. Dit project is een leidraad voor hoogopgeleide nieuwkomers. Een aantal Vlaamse organisaties werken hier samen aan, om duidelijke en offici\u00eble informatie te bundelen op \u00e9\u00e9n platform. Op het \u2018Contactloket\u2019 staan verschillende stappenplannen en mogelijkheden. Dit platform is opgevat als een hulpmiddel om nieuwkomers te begeleiden bij het vinden van werk op het juiste niveau.<\/p>\n<p>&nbsp;<\/p>\n<p>Deze website werd ontwikkeld door <a href=\"https:\/\/www.uantwerpen.be\/nl\/centra\/linguapolis\/\" target=\"_blank\" rel=\"noopener\">Linguapolis <\/a>in samenspraak met <a href=\"https:\/\/www.vdab.be\/\" target=\"_blank\" rel=\"noopener\">VDAB<\/a> en <a href=\"https:\/\/www.atlas-antwerpen.be\/nl\" target=\"_blank\" rel=\"noopener\">ATLAS<\/a>.<\/p>\n<p>&nbsp;<\/p>\n","protected":false},"excerpt":{"rendered":"<p>&nbsp; Deze website kwam tot stand in het kader van het \u2018@Level2Work project\u2019. Dit project is een leidraad voor hoogopgeleide nieuwkomers. Een aantal Vlaamse organisaties werken hier samen aan, om duidelijke en offici\u00eble informatie te bundelen op \u00e9\u00e9n platform. Op het \u2018Contactloket\u2019 staan verschillende stappenplannen en mogelijkheden. Dit platform is opgevat als een hulpmiddel om [&hellip;]<\/p>\n","protected":false},"author":2,"featured_media":0,"parent":0,"menu_order":0,"comment_status":"closed","ping_status":"closed","template":"","meta":{"_exactmetrics_skip_tracking":false,"_exactmetrics_sitenote_active":false,"_exactmetrics_sitenote_note":"","_exactmetrics_sitenote_category":0,"footnotes":""},"class_list":["post-213","page","type-page","status-publish","hentry"],"_links":{"self":[{"href":"https:\/\/www.beternederlandsophetwerk.be\/index.php\/wp-json\/wp\/v2\/pages\/213","targetHints":{"allow":["GET"]}}],"collection":[{"href":"https:\/\/www.beternederlandsophetwerk.be\/index.php\/wp-json\/wp\/v2\/pages"}],"about":[{"href":"https:\/\/www.beternederlandsophetwerk.be\/index.php\/wp-json\/wp\/v2\/types\/page"}],"author":[{"embeddable":true,"href":"https:\/\/www.beternederlandsophetwerk.be\/index.php\/wp-json\/wp\/v2\/users\/2"}],"replies":[{"embeddable":true,"href":"https:\/\/www.beternederlandsophetwerk.be\/index.php\/wp-json\/wp\/v2\/comments?post=213"}],"version-history":[{"count":4,"href":"https:\/\/www.beternederlandsophetwerk.be\/index.php\/wp-json\/wp\/v2\/pages\/213\/revisions"}],"predecessor-version":[{"id":224,"href":"https:\/\/www.beternederlandsophetwerk.be\/index.php\/wp-json\/wp\/v2\/pages\/213\/revisions\/224"}],"wp:attachment":[{"href":"https:\/\/www.beternederlandsophetwerk.be\/index.php\/wp-json\/wp\/v2\/media?parent=213"}],"curies":[{"name":"wp","href":"https:\/\/api.w.org\/{rel}","templated":true}]}}